{"id":403,"date":"2024-10-31T08:49:57","date_gmt":"2024-10-31T07:49:57","guid":{"rendered":"https:\/\/gonzalezpardo.com\/produtos\/"},"modified":"2025-06-02T13:44:32","modified_gmt":"2025-06-02T11:44:32","slug":"produtos","status":"publish","type":"page","link":"https:\/\/gonzalezpardo.com\/pt-pt\/produtos\/","title":{"rendered":"Produtos"},"content":{"rendered":"\t\t<div data-elementor-type=\"wp-page\" data-elementor-id=\"403\" class=\"elementor elementor-403 elementor-185\" data-elementor-post-type=\"page\">\n\t\t\t\t<div class=\"elementor-element elementor-element-1db432d e-con-full e-flex e-con e-parent\" data-id=\"1db432d\" data-element_type=\"container\" data-settings=\"{&quot;background_background&quot;:&quot;classic&quot;}\">\n\t\t<div class=\"elementor-element elementor-element-b7eab4d e-con-full e-flex e-con e-child\" data-id=\"b7eab4d\" data-element_type=\"container\" data-settings=\"{&quot;background_background&quot;:&quot;classic&quot;}\">\n\t\t\t\t<div class=\"elementor-element elementor-element-a37cdb9 elementor-widget elementor-widget-heading\" data-id=\"a37cdb9\" data-element_type=\"widget\" data-widget_type=\"heading.default\">\n\t\t\t\t<div class=\"elementor-widget-container\">\n\t\t\t<h2 class=\"elementor-heading-title elementor-size-default\">Escayolas Gonz\u00e1lez Pardo<\/h2>\t\t<\/div>\n\t\t\t\t<\/div>\n\t\t\t\t<\/div>\n\t\t\t\t<\/div>\n\t\t<div class=\"elementor-element elementor-element-1bdb1be e-flex e-con-boxed e-con e-parent\" data-id=\"1bdb1be\" data-element_type=\"container\">\n\t\t\t\t\t<div class=\"e-con-inner\">\n\t\t\t\t<div class=\"elementor-element elementor-element-f9fde16 elementor-widget elementor-widget-spacer\" data-id=\"f9fde16\" data-element_type=\"widget\" data-widget_type=\"spacer.default\">\n\t\t\t\t<div class=\"elementor-widget-container\">\n\t\t\t\t\t<div class=\"elementor-spacer\">\n\t\t\t<div class=\"elementor-spacer-inner\"><\/div>\n\t\t<\/div>\n\t\t\t\t<\/div>\n\t\t\t\t<\/div>\n\t\t\t\t<div class=\"elementor-element elementor-element-426da62 elementor-widget elementor-widget-heading\" data-id=\"426da62\" data-element_type=\"widget\" data-widget_type=\"heading.default\">\n\t\t\t\t<div class=\"elementor-widget-container\">\n\t\t\t<h2 class=\"elementor-heading-title elementor-size-default\">Os nossos produtos<\/h2>\t\t<\/div>\n\t\t\t\t<\/div>\n\t\t\t\t<div class=\"elementor-element elementor-element-76c88c7 elementor-widget-divider--view-line elementor-widget elementor-widget-divider\" data-id=\"76c88c7\" data-element_type=\"widget\" data-widget_type=\"divider.default\">\n\t\t\t\t<div class=\"elementor-widget-container\">\n\t\t\t\t\t<div class=\"elementor-divider\">\n\t\t\t<span class=\"elementor-divider-separator\">\n\t\t\t\t\t\t<\/span>\n\t\t<\/div>\n\t\t\t\t<\/div>\n\t\t\t\t<\/div>\n\t\t\t\t\t<\/div>\n\t\t\t\t<\/div>\n\t\t<div class=\"elementor-element elementor-element-513e120 e-grid e-con-full e-con e-parent\" data-id=\"513e120\" data-element_type=\"container\">\n\t\t<div class=\"elementor-element elementor-element-48e5c7d e-con-full e-flex e-con e-child\" data-id=\"48e5c7d\" data-element_type=\"container\">\n\t\t\t\t<div class=\"elementor-element elementor-element-6b2b05d elementor-widget elementor-widget-heading\" data-id=\"6b2b05d\" data-element_type=\"widget\" data-widget_type=\"heading.default\">\n\t\t\t\t<div class=\"elementor-widget-container\">\n\t\t\t<h2 class=\"elementor-heading-title elementor-size-default\"><a href=\"https:\/\/gonzalezpardo.com\/wp-content\/uploads\/2024\/10\/AF-bc-folleto.pdf\" target=\"_blank\">Tectos amov\u00edveis<\/a><\/h2>\t\t<\/div>\n\t\t\t\t<\/div>\n\t\t\t\t<\/div>\n\t\t<div class=\"elementor-element elementor-element-d5bf52b e-con-full e-flex e-con e-child\" data-id=\"d5bf52b\" data-element_type=\"container\">\n\t\t\t\t<div class=\"elementor-element elementor-element-18efdf1 elementor-widget elementor-widget-heading\" data-id=\"18efdf1\" data-element_type=\"widget\" data-widget_type=\"heading.default\">\n\t\t\t\t<div class=\"elementor-widget-container\">\n\t\t\t<h2 class=\"elementor-heading-title elementor-size-default\"><a href=\"https:\/\/gonzalezpardo.com\/wp-content\/uploads\/2025\/06\/Molduras.pdf\" target=\"_blank\">Decora\u00e7\u00e3o: Molduras<\/a><\/h2>\t\t<\/div>\n\t\t\t\t<\/div>\n\t\t\t\t<\/div>\n\t\t<div class=\"elementor-element elementor-element-da7d600 e-con-full e-flex e-con e-child\" data-id=\"da7d600\" data-element_type=\"container\">\n\t\t\t\t<div class=\"elementor-element elementor-element-51b4b69 elementor-widget elementor-widget-heading\" data-id=\"51b4b69\" data-element_type=\"widget\" data-widget_type=\"heading.default\">\n\t\t\t\t<div class=\"elementor-widget-container\">\n\t\t\t<h2 class=\"elementor-heading-title elementor-size-default\"><a href=\"https:\/\/gonzalezpardo.com\/wp-content\/uploads\/2025\/06\/Cornisas.pdf\" target=\"_blank\">Decora\u00e7\u00e3o: Cornijas<\/a><\/h2>\t\t<\/div>\n\t\t\t\t<\/div>\n\t\t\t\t<\/div>\n\t\t<div class=\"elementor-element elementor-element-4d1e3ed e-con-full e-flex e-con e-child\" data-id=\"4d1e3ed\" data-element_type=\"container\">\n\t\t\t\t<div class=\"elementor-element elementor-element-12b3fc5 elementor-widget elementor-widget-heading\" data-id=\"12b3fc5\" data-element_type=\"widget\" data-widget_type=\"heading.default\">\n\t\t\t\t<div class=\"elementor-widget-container\">\n\t\t\t<h2 class=\"elementor-heading-title elementor-size-default\"><a href=\"https:\/\/gonzalezpardo.com\/wp-content\/uploads\/2025\/06\/Frisos_baquetones.pdf\" target=\"_blank\">Decora\u00e7\u00e3o: Frisos - contas<\/a><\/h2>\t\t<\/div>\n\t\t\t\t<\/div>\n\t\t\t\t<\/div>\n\t\t<div class=\"elementor-element elementor-element-dfa8307 e-con-full e-flex e-con e-child\" data-id=\"dfa8307\" data-element_type=\"container\">\n\t\t\t\t<div class=\"elementor-element elementor-element-c8c073c elementor-widget elementor-widget-heading\" data-id=\"c8c073c\" data-element_type=\"widget\" data-widget_type=\"heading.default\">\n\t\t\t\t<div class=\"elementor-widget-container\">\n\t\t\t<h2 class=\"elementor-heading-title elementor-size-default\"><a href=\"https:\/\/gonzalezpardo.com\/wp-content\/uploads\/2025\/06\/Arcos_columnas.pdf\" target=\"_blank\">Decora\u00e7\u00e3o: Arcos - colunas<\/a><\/h2>\t\t<\/div>\n\t\t\t\t<\/div>\n\t\t\t\t<\/div>\n\t\t<div class=\"elementor-element elementor-element-6d4a188 e-con-full e-flex e-con e-child\" data-id=\"6d4a188\" data-element_type=\"container\">\n\t\t\t\t<div class=\"elementor-element elementor-element-2b2c4d4 elementor-widget elementor-widget-heading\" data-id=\"2b2c4d4\" data-element_type=\"widget\" data-widget_type=\"heading.default\">\n\t\t\t\t<div class=\"elementor-widget-container\">\n\t\t\t<h2 class=\"elementor-heading-title elementor-size-default\"><a href=\"https:\/\/gonzalezpardo.com\/wp-content\/uploads\/2025\/06\/piezas_especiales.pdf\" target=\"_blank\">Decora\u00e7\u00e3o: Pe\u00e7as especiais<\/a><\/h2>\t\t<\/div>\n\t\t\t\t<\/div>\n\t\t\t\t<\/div>\n\t\t<div class=\"elementor-element elementor-element-fbb7459 e-con-full e-flex e-con e-child\" data-id=\"fbb7459\" data-element_type=\"container\">\n\t\t\t\t<div class=\"elementor-element elementor-element-79d7f73 elementor-widget elementor-widget-heading\" data-id=\"79d7f73\" data-element_type=\"widget\" data-widget_type=\"heading.default\">\n\t\t\t\t<div class=\"elementor-widget-container\">\n\t\t\t<h2 class=\"elementor-heading-title elementor-size-default\"><a href=\"https:\/\/knauf.com\/es-ES\/p\/productos\/tabiques-y-techos-de-absorcion-acustica-35568\" target=\"_blank\" rel=\"nofollow noopener\">Ac\u00fastica e insonoriza\u00e7\u00e3o<\/a><\/h2>\t\t<\/div>\n\t\t\t\t<\/div>\n\t\t\t\t<\/div>\n\t\t<div class=\"elementor-element elementor-element-fa9da39 e-con-full e-flex e-con e-child\" data-id=\"fa9da39\" data-element_type=\"container\">\n\t\t\t\t<div class=\"elementor-element elementor-element-7e6c919 elementor-widget elementor-widget-heading\" data-id=\"7e6c919\" data-element_type=\"widget\" data-widget_type=\"heading.default\">\n\t\t\t\t<div class=\"elementor-widget-container\">\n\t\t\t<h2 class=\"elementor-heading-title elementor-size-default\"><a href=\"https:\/\/knauf.com\/es-ES\/knauf\/soluciones\/aplicaciones\/techos\" target=\"_blank\" rel=\"nofollow noopener\">Tectos falsos cont\u00ednuos e curvos em gesso<\/a><\/h2>\t\t<\/div>\n\t\t\t\t<\/div>\n\t\t\t\t<\/div>\n\t\t<div class=\"elementor-element elementor-element-d6fcf73 e-con-full e-flex e-con e-child\" data-id=\"d6fcf73\" data-element_type=\"container\">\n\t\t\t\t<div class=\"elementor-element elementor-element-9d2ad6f elementor-widget elementor-widget-heading\" data-id=\"9d2ad6f\" data-element_type=\"widget\" data-widget_type=\"heading.default\">\n\t\t\t\t<div class=\"elementor-widget-container\">\n\t\t\t<h2 class=\"elementor-heading-title elementor-size-default\"><a href=\"https:\/\/knauf.com\/es-ES\/knauf\/soluciones\/aplicaciones\/fachada\" target=\"_blank\" rel=\"nofollow noopener\">Sistemas de fachada<\/a><\/h2>\t\t<\/div>\n\t\t\t\t<\/div>\n\t\t\t\t<\/div>\n\t\t\t\t<\/div>\n\t\t<div class=\"elementor-element elementor-element-ecb85ba e-flex e-con-boxed e-con e-parent\" data-id=\"ecb85ba\" data-element_type=\"container\">\n\t\t\t\t\t<div class=\"e-con-inner\">\n\t\t\t\t<div class=\"elementor-element elementor-element-99fe906 elementor-widget elementor-widget-spacer\" data-id=\"99fe906\" data-element_type=\"widget\" data-widget_type=\"spacer.default\">\n\t\t\t\t<div class=\"elementor-widget-container\">\n\t\t\t\t\t<div class=\"elementor-spacer\">\n\t\t\t<div class=\"elementor-spacer-inner\"><\/div>\n\t\t<\/div>\n\t\t\t\t<\/div>\n\t\t\t\t<\/div>\n\t\t\t\t\t<\/div>\n\t\t\t\t<\/div>\n\t\t<div class=\"elementor-element elementor-element-a81d1c8 e-flex e-con-boxed e-con e-parent\" data-id=\"a81d1c8\" data-element_type=\"container\">\n\t\t\t\t\t<div class=\"e-con-inner\">\n\t\t\t\t<div class=\"elementor-element elementor-element-0664e66 elementor-align-center elementor-widget elementor-widget-button\" data-id=\"0664e66\" data-element_type=\"widget\" data-widget_type=\"button.default\">\n\t\t\t\t<div class=\"elementor-widget-container\">\n\t\t\t\t\t<div class=\"elementor-button-wrapper\">\n\t\t\t<a class=\"elementor-button elementor-size-sm\" role=\"button\">\n\t\t\t\t\t\t<span class=\"elementor-button-content-wrapper\">\n\t\t\t\t\t\t\t\t\t<span class=\"elementor-button-text\">Instala\u00e7\u00f5es<\/span>\n\t\t\t\t\t<\/span>\n\t\t\t\t\t<\/a>\n\t\t<\/div>\n\t\t\t\t<\/div>\n\t\t\t\t<\/div>\n\t\t\t\t<div class=\"elementor-element elementor-element-3d0e53b elementor-align-center elementor-widget elementor-widget-button\" data-id=\"3d0e53b\" data-element_type=\"widget\" data-widget_type=\"button.default\">\n\t\t\t\t<div class=\"elementor-widget-container\">\n\t\t\t\t\t<div class=\"elementor-button-wrapper\">\n\t\t\t<a class=\"elementor-button elementor-size-sm\" role=\"button\">\n\t\t\t\t\t\t<span class=\"elementor-button-content-wrapper\">\n\t\t\t\t\t\t\t\t\t<span class=\"elementor-button-text\">Contacto<\/span>\n\t\t\t\t\t<\/span>\n\t\t\t\t\t<\/a>\n\t\t<\/div>\n\t\t\t\t<\/div>\n\t\t\t\t<\/div>\n\t\t\t\t\t<\/div>\n\t\t\t\t<\/div>\n\t\t<div class=\"elementor-element elementor-element-ecbdc9a e-flex e-con-boxed e-con e-parent\" data-id=\"ecbdc9a\" data-element_type=\"container\">\n\t\t\t\t\t<div class=\"e-con-inner\">\n\t\t\t\t<div class=\"elementor-element elementor-element-03d5453 elementor-widget elementor-widget-spacer\" data-id=\"03d5453\" data-element_type=\"widget\" data-widget_type=\"spacer.default\">\n\t\t\t\t<div class=\"elementor-widget-container\">\n\t\t\t\t\t<div class=\"elementor-spacer\">\n\t\t\t<div class=\"elementor-spacer-inner\"><\/div>\n\t\t<\/div>\n\t\t\t\t<\/div>\n\t\t\t\t<\/div>\n\t\t\t\t\t<\/div>\n\t\t\t\t<\/div>\n\t\t\t\t<\/div>\n\t\t","protected":false},"excerpt":{"rendered":"<p>Escayolas Gonz\u00e1lez Pardo Os nossos produtos Tectos amov\u00edveis Decora\u00e7\u00e3o: Molduras Decora\u00e7\u00e3o: Cornijas Decora\u00e7\u00e3o: Frisos &#8211; contas Decora\u00e7\u00e3o: Arcos &#8211; colunas Decora\u00e7\u00e3o: Pe\u00e7as especiais Ac\u00fastica e insonoriza\u00e7\u00e3o Tectos falsos cont\u00ednuos e curvos em gesso Sistemas de fachada Instala\u00e7\u00f5es Contacto<\/p>\n","protected":false},"author":1,"featured_media":0,"parent":0,"menu_order":0,"comment_status":"closed","ping_status":"closed","template":"elementor_header_footer","meta":{"footnotes":""},"_links":{"self":[{"href":"https:\/\/gonzalezpardo.com\/pt-pt\/wp-json\/wp\/v2\/pages\/403"}],"collection":[{"href":"https:\/\/gonzalezpardo.com\/pt-pt\/wp-json\/wp\/v2\/pages"}],"about":[{"href":"https:\/\/gonzalezpardo.com\/pt-pt\/wp-json\/wp\/v2\/types\/page"}],"author":[{"embeddable":true,"href":"https:\/\/gonzalezpardo.com\/pt-pt\/wp-json\/wp\/v2\/users\/1"}],"replies":[{"embeddable":true,"href":"https:\/\/gonzalezpardo.com\/pt-pt\/wp-json\/wp\/v2\/comments?post=403"}],"version-history":[{"count":7,"href":"https:\/\/gonzalezpardo.com\/pt-pt\/wp-json\/wp\/v2\/pages\/403\/revisions"}],"predecessor-version":[{"id":539,"href":"https:\/\/gonzalezpardo.com\/pt-pt\/wp-json\/wp\/v2\/pages\/403\/revisions\/539"}],"wp:attachment":[{"href":"https:\/\/gonzalezpardo.com\/pt-pt\/wp-json\/wp\/v2\/media?parent=403"}],"curies":[{"name":"wp","href":"https:\/\/api.w.org\/{rel}","templated":true}]}}