{"id":392,"date":"2024-10-30T10:55:10","date_gmt":"2024-10-30T09:55:10","guid":{"rendered":"https:\/\/gonzalezpardo.com\/empresa\/"},"modified":"2024-11-19T13:11:17","modified_gmt":"2024-11-19T12:11:17","slug":"empresa","status":"publish","type":"page","link":"https:\/\/gonzalezpardo.com\/pt-pt\/empresa\/","title":{"rendered":"Empresa"},"content":{"rendered":"\t\t<div data-elementor-type=\"wp-page\" data-elementor-id=\"392\" class=\"elementor elementor-392 elementor-150\" data-elementor-post-type=\"page\">\n\t\t\t\t<div class=\"elementor-element elementor-element-bafa7ed e-con-full e-flex e-con e-parent\" data-id=\"bafa7ed\" data-element_type=\"container\">\n\t\t\t\t<div class=\"elementor-element elementor-element-d81880f elementor-widget elementor-widget-image\" data-id=\"d81880f\" data-element_type=\"widget\" data-widget_type=\"image.default\">\n\t\t\t\t<div class=\"elementor-widget-container\">\n\t\t\t\t\t\t\t\t\t\t\t\t\t<img fetchpriority=\"high\" decoding=\"async\" width=\"800\" height=\"317\" src=\"https:\/\/gonzalezpardo.com\/wp-content\/uploads\/2024\/10\/enmascarar_grupo_1-1024x406.webp\" class=\"attachment-large size-large wp-image-393\" alt=\"\" srcset=\"https:\/\/gonzalezpardo.com\/wp-content\/uploads\/2024\/10\/enmascarar_grupo_1-1024x406.webp 1024w, https:\/\/gonzalezpardo.com\/wp-content\/uploads\/2024\/10\/enmascarar_grupo_1-300x119.webp 300w, https:\/\/gonzalezpardo.com\/wp-content\/uploads\/2024\/10\/enmascarar_grupo_1-768x305.webp 768w, https:\/\/gonzalezpardo.com\/wp-content\/uploads\/2024\/10\/enmascarar_grupo_1-1536x610.webp 1536w, https:\/\/gonzalezpardo.com\/wp-content\/uploads\/2024\/10\/enmascarar_grupo_1.webp 1920w\" sizes=\"(max-width: 800px) 100vw, 800px\" \/>\t\t\t\t\t\t\t\t\t\t\t\t\t<\/div>\n\t\t\t\t<\/div>\n\t\t\t\t<div class=\"elementor-element elementor-element-67b4322 elementor-widget elementor-widget-spacer\" data-id=\"67b4322\" data-element_type=\"widget\" data-widget_type=\"spacer.default\">\n\t\t\t\t<div class=\"elementor-widget-container\">\n\t\t\t\t\t<div class=\"elementor-spacer\">\n\t\t\t<div class=\"elementor-spacer-inner\"><\/div>\n\t\t<\/div>\n\t\t\t\t<\/div>\n\t\t\t\t<\/div>\n\t\t\t\t<\/div>\n\t\t<div class=\"elementor-element elementor-element-dba3ac5 e-flex e-con-boxed e-con e-parent\" data-id=\"dba3ac5\" data-element_type=\"container\" data-settings=\"{&quot;background_background&quot;:&quot;classic&quot;}\">\n\t\t\t\t\t<div class=\"e-con-inner\">\n\t\t\t\t<div class=\"elementor-element elementor-element-d9f91a2 elementor-widget elementor-widget-heading\" data-id=\"d9f91a2\" data-element_type=\"widget\" data-widget_type=\"heading.default\">\n\t\t\t\t<div class=\"elementor-widget-container\">\n\t\t\t<h2 class=\"elementor-heading-title elementor-size-default\">Escayolas Gonz\u00e1lez Pardo<\/h2>\t\t<\/div>\n\t\t\t\t<\/div>\n\t\t\t\t<div class=\"elementor-element elementor-element-e9270ac elementor-widget elementor-widget-spacer\" data-id=\"e9270ac\" data-element_type=\"widget\" data-widget_type=\"spacer.default\">\n\t\t\t\t<div class=\"elementor-widget-container\">\n\t\t\t\t\t<div class=\"elementor-spacer\">\n\t\t\t<div class=\"elementor-spacer-inner\"><\/div>\n\t\t<\/div>\n\t\t\t\t<\/div>\n\t\t\t\t<\/div>\n\t\t\t\t\t<\/div>\n\t\t\t\t<\/div>\n\t\t<div class=\"elementor-element elementor-element-ace0f94 e-grid e-con-boxed e-con e-parent\" data-id=\"ace0f94\" data-element_type=\"container\" data-settings=\"{&quot;background_background&quot;:&quot;classic&quot;}\">\n\t\t\t\t\t<div class=\"e-con-inner\">\n\t\t\t\t<div class=\"elementor-element elementor-element-609c301 elementor-widget elementor-widget-text-editor\" data-id=\"609c301\" data-element_type=\"widget\" data-widget_type=\"text-editor.default\">\n\t\t\t\t<div class=\"elementor-widget-container\">\n\t\t\t\t\t\t\t<p>Orgulhamo-nos de oferecer materiais de constru\u00e7\u00e3o da mais alta qualidade, garantindo produtos que cumprem as normas mais rigorosas.  <\/p>\n\t\t\t\t\t\t<\/div>\n\t\t\t\t<\/div>\n\t\t\t\t<div class=\"elementor-element elementor-element-4bcf394 elementor-widget elementor-widget-text-editor\" data-id=\"4bcf394\" data-element_type=\"widget\" data-widget_type=\"text-editor.default\">\n\t\t\t\t<div class=\"elementor-widget-container\">\n\t\t\t\t\t\t\t<p>O nosso compromisso \u00e9 o de prestar um servi\u00e7o de proximidade adaptado \u00e0s necessidades de cada cliente. Ouvimos as tuas necessidades e oferecemos solu\u00e7\u00f5es eficazes para cada tipo de trabalho.<\/p>\n\t\t\t\t\t\t<\/div>\n\t\t\t\t<\/div>\n\t\t\t\t<div class=\"elementor-element elementor-element-f1ca90a elementor-widget elementor-widget-text-editor\" data-id=\"f1ca90a\" data-element_type=\"widget\" data-widget_type=\"text-editor.default\">\n\t\t\t\t<div class=\"elementor-widget-container\">\n\t\t\t\t\t\t\t<p>Estamos empenhados em solu\u00e7\u00f5es inovadoras que optimizam os processos de constru\u00e7\u00e3o sem comprometer a sustentabilidade.<\/p>\n\t\t\t\t\t\t<\/div>\n\t\t\t\t<\/div>\n\t\t\t\t\t<\/div>\n\t\t\t\t<\/div>\n\t\t<div class=\"elementor-element elementor-element-78ca585 e-flex e-con-boxed e-con e-parent\" data-id=\"78ca585\" data-element_type=\"container\">\n\t\t\t\t\t<div class=\"e-con-inner\">\n\t\t\t\t<div class=\"elementor-element elementor-element-5ad97b1 elementor-widget elementor-widget-spacer\" data-id=\"5ad97b1\" data-element_type=\"widget\" data-widget_type=\"spacer.default\">\n\t\t\t\t<div class=\"elementor-widget-container\">\n\t\t\t\t\t<div class=\"elementor-spacer\">\n\t\t\t<div class=\"elementor-spacer-inner\"><\/div>\n\t\t<\/div>\n\t\t\t\t<\/div>\n\t\t\t\t<\/div>\n\t\t\t\t\t<\/div>\n\t\t\t\t<\/div>\n\t\t<div class=\"elementor-element elementor-element-3b27019 e-con-full e-flex e-con e-parent\" data-id=\"3b27019\" data-element_type=\"container\">\n\t\t<div class=\"elementor-element elementor-element-f9123f3 e-con-full e-flex e-con e-child\" data-id=\"f9123f3\" data-element_type=\"container\">\n\t\t\t\t<div class=\"elementor-element elementor-element-81851de elementor-position-top elementor-widget elementor-widget-image-box\" data-id=\"81851de\" data-element_type=\"widget\" data-widget_type=\"image-box.default\">\n\t\t\t\t<div class=\"elementor-widget-container\">\n\t\t\t<div class=\"elementor-image-box-wrapper\"><figure class=\"elementor-image-box-img\"><img decoding=\"async\" src=\"https:\/\/gonzalezpardo.com\/wp-content\/uploads\/2024\/10\/Grupo-41-1.svg\" class=\"attachment-full size-full wp-image-394\" alt=\"\" \/><\/figure><div class=\"elementor-image-box-content\"><h3 class=\"elementor-image-box-title\">Experi\u00eancia<\/h3><\/div><\/div>\t\t<\/div>\n\t\t\t\t<\/div>\n\t\t\t\t<\/div>\n\t\t<div class=\"elementor-element elementor-element-4f577f1 e-con-full e-flex e-con e-child\" data-id=\"4f577f1\" data-element_type=\"container\">\n\t\t\t\t<div class=\"elementor-element elementor-element-1d47ddf elementor-position-top elementor-widget elementor-widget-image-box\" data-id=\"1d47ddf\" data-element_type=\"widget\" data-widget_type=\"image-box.default\">\n\t\t\t\t<div class=\"elementor-widget-container\">\n\t\t\t<div class=\"elementor-image-box-wrapper\"><figure class=\"elementor-image-box-img\"><img decoding=\"async\" src=\"https:\/\/gonzalezpardo.com\/wp-content\/uploads\/2024\/10\/Grupo-42-2.svg\" class=\"attachment-full size-full wp-image-395\" alt=\"\" \/><\/figure><div class=\"elementor-image-box-content\"><h3 class=\"elementor-image-box-title\">Profissionais<\/h3><\/div><\/div>\t\t<\/div>\n\t\t\t\t<\/div>\n\t\t\t\t<\/div>\n\t\t<div class=\"elementor-element elementor-element-69f1a7b e-con-full e-flex e-con e-child\" data-id=\"69f1a7b\" data-element_type=\"container\">\n\t\t\t\t<div class=\"elementor-element elementor-element-64fe859 elementor-position-top elementor-widget elementor-widget-image-box\" data-id=\"64fe859\" data-element_type=\"widget\" data-widget_type=\"image-box.default\">\n\t\t\t\t<div class=\"elementor-widget-container\">\n\t\t\t<div class=\"elementor-image-box-wrapper\"><figure class=\"elementor-image-box-img\"><img decoding=\"async\" src=\"https:\/\/gonzalezpardo.com\/wp-content\/uploads\/2024\/10\/Grupo-45.svg\" class=\"attachment-full size-full wp-image-396\" alt=\"\" \/><\/figure><div class=\"elementor-image-box-content\"><h3 class=\"elementor-image-box-title\">Seguran\u00e7a<\/h3><\/div><\/div>\t\t<\/div>\n\t\t\t\t<\/div>\n\t\t\t\t<\/div>\n\t\t<div class=\"elementor-element elementor-element-275ad80 e-con-full e-flex e-con e-child\" data-id=\"275ad80\" data-element_type=\"container\">\n\t\t\t\t<div class=\"elementor-element elementor-element-6c0c49c elementor-position-top elementor-widget elementor-widget-image-box\" data-id=\"6c0c49c\" data-element_type=\"widget\" data-widget_type=\"image-box.default\">\n\t\t\t\t<div class=\"elementor-widget-container\">\n\t\t\t<div class=\"elementor-image-box-wrapper\"><figure class=\"elementor-image-box-img\"><img decoding=\"async\" src=\"https:\/\/gonzalezpardo.com\/wp-content\/uploads\/2024\/10\/Grupo-46.svg\" class=\"attachment-full size-full wp-image-397\" alt=\"\" \/><\/figure><div class=\"elementor-image-box-content\"><h3 class=\"elementor-image-box-title\">Inova\u00e7\u00e3o<\/h3><\/div><\/div>\t\t<\/div>\n\t\t\t\t<\/div>\n\t\t\t\t<\/div>\n\t\t\t\t<\/div>\n\t\t<div class=\"elementor-element elementor-element-1ad7eb9 e-flex e-con-boxed e-con e-parent\" data-id=\"1ad7eb9\" data-element_type=\"container\">\n\t\t\t\t\t<div class=\"e-con-inner\">\n\t\t\t\t<div class=\"elementor-element elementor-element-46ca566 elementor-widget elementor-widget-spacer\" data-id=\"46ca566\" data-element_type=\"widget\" data-widget_type=\"spacer.default\">\n\t\t\t\t<div class=\"elementor-widget-container\">\n\t\t\t\t\t<div class=\"elementor-spacer\">\n\t\t\t<div class=\"elementor-spacer-inner\"><\/div>\n\t\t<\/div>\n\t\t\t\t<\/div>\n\t\t\t\t<\/div>\n\t\t\t\t<div class=\"elementor-element elementor-element-4624907 elementor-widget elementor-widget-heading\" data-id=\"4624907\" data-element_type=\"widget\" data-widget_type=\"heading.default\">\n\t\t\t\t<div class=\"elementor-widget-container\">\n\t\t\t<h2 class=\"elementor-heading-title elementor-size-default\">Outras marcas<\/h2>\t\t<\/div>\n\t\t\t\t<\/div>\n\t\t\t\t<div class=\"elementor-element elementor-element-4122c0f elementor-widget-divider--view-line elementor-widget elementor-widget-divider\" data-id=\"4122c0f\" data-element_type=\"widget\" data-widget_type=\"divider.default\">\n\t\t\t\t<div class=\"elementor-widget-container\">\n\t\t\t\t\t<div class=\"elementor-divider\">\n\t\t\t<span class=\"elementor-divider-separator\">\n\t\t\t\t\t\t<\/span>\n\t\t<\/div>\n\t\t\t\t<\/div>\n\t\t\t\t<\/div>\n\t\t\t\t\t<\/div>\n\t\t\t\t<\/div>\n\t\t<div class=\"elementor-element elementor-element-dbff9f2 e-grid e-con-boxed e-con e-parent\" data-id=\"dbff9f2\" data-element_type=\"container\">\n\t\t\t\t\t<div class=\"e-con-inner\">\n\t\t<div class=\"elementor-element elementor-element-ca62dcd e-con-full e-flex e-con e-child\" data-id=\"ca62dcd\" data-element_type=\"container\" data-settings=\"{&quot;background_background&quot;:&quot;classic&quot;}\">\n\t\t\t\t<div class=\"elementor-element elementor-element-03f5512 elementor-widget elementor-widget-image\" data-id=\"03f5512\" data-element_type=\"widget\" data-widget_type=\"image.default\">\n\t\t\t\t<div class=\"elementor-widget-container\">\n\t\t\t\t\t\t\t\t\t\t\t\t\t<img decoding=\"async\" width=\"300\" height=\"189\" src=\"https:\/\/gonzalezpardo.com\/wp-content\/uploads\/2024\/10\/logoknauf-300x189.webp\" class=\"attachment-medium size-medium wp-image-400\" alt=\"\" srcset=\"https:\/\/gonzalezpardo.com\/wp-content\/uploads\/2024\/10\/logoknauf-300x189.webp 300w, https:\/\/gonzalezpardo.com\/wp-content\/uploads\/2024\/10\/logoknauf.webp 600w\" sizes=\"(max-width: 300px) 100vw, 300px\" \/>\t\t\t\t\t\t\t\t\t\t\t\t\t<\/div>\n\t\t\t\t<\/div>\n\t\t\t\t<div class=\"elementor-element elementor-element-36c3706 elementor-widget elementor-widget-heading\" data-id=\"36c3706\" data-element_type=\"widget\" data-widget_type=\"heading.default\">\n\t\t\t\t<div class=\"elementor-widget-container\">\n\t\t\t<h2 class=\"elementor-heading-title elementor-size-default\">Sistemas de constru\u00e7\u00e3o sustent\u00e1veis<\/h2>\t\t<\/div>\n\t\t\t\t<\/div>\n\t\t\t\t<\/div>\n\t\t<div class=\"elementor-element elementor-element-515513a e-con-full e-flex e-con e-child\" data-id=\"515513a\" data-element_type=\"container\" data-settings=\"{&quot;background_background&quot;:&quot;classic&quot;}\">\n\t\t\t\t<div class=\"elementor-element elementor-element-74f6245 elementor-widget elementor-widget-image\" data-id=\"74f6245\" data-element_type=\"widget\" data-widget_type=\"image.default\">\n\t\t\t\t<div class=\"elementor-widget-container\">\n\t\t\t\t\t\t\t\t\t\t\t\t\t<img decoding=\"async\" width=\"300\" height=\"212\" src=\"https:\/\/gonzalezpardo.com\/wp-content\/uploads\/2024\/10\/Logo-Placo-1-300x212.webp\" class=\"attachment-medium size-medium wp-image-401\" alt=\"\" srcset=\"https:\/\/gonzalezpardo.com\/wp-content\/uploads\/2024\/10\/Logo-Placo-1-300x212.webp 300w, https:\/\/gonzalezpardo.com\/wp-content\/uploads\/2024\/10\/Logo-Placo-1-768x543.webp 768w, https:\/\/gonzalezpardo.com\/wp-content\/uploads\/2024\/10\/Logo-Placo-1.webp 842w\" sizes=\"(max-width: 300px) 100vw, 300px\" \/>\t\t\t\t\t\t\t\t\t\t\t\t\t<\/div>\n\t\t\t\t<\/div>\n\t\t\t\t<div class=\"elementor-element elementor-element-c24d2ed elementor-widget elementor-widget-heading\" data-id=\"c24d2ed\" data-element_type=\"widget\" data-widget_type=\"heading.default\">\n\t\t\t\t<div class=\"elementor-widget-container\">\n\t\t\t<h2 class=\"elementor-heading-title elementor-size-default\">Centro de distribui\u00e7\u00e3o<\/h2>\t\t<\/div>\n\t\t\t\t<\/div>\n\t\t\t\t<\/div>\n\t\t\t\t\t<\/div>\n\t\t\t\t<\/div>\n\t\t<div class=\"elementor-element elementor-element-6564de7 e-con-full e-flex e-con e-parent\" data-id=\"6564de7\" data-element_type=\"container\">\n\t\t\t\t<div class=\"elementor-element elementor-element-f7a71f8 elementor-widget elementor-widget-spacer\" data-id=\"f7a71f8\" data-element_type=\"widget\" data-widget_type=\"spacer.default\">\n\t\t\t\t<div class=\"elementor-widget-container\">\n\t\t\t\t\t<div class=\"elementor-spacer\">\n\t\t\t<div class=\"elementor-spacer-inner\"><\/div>\n\t\t<\/div>\n\t\t\t\t<\/div>\n\t\t\t\t<\/div>\n\t\t\t\t<div class=\"elementor-element elementor-element-28b2857 elementor-widget elementor-widget-heading\" data-id=\"28b2857\" data-element_type=\"widget\" data-widget_type=\"heading.default\">\n\t\t\t\t<div class=\"elementor-widget-container\">\n\t\t\t<h2 class=\"elementor-heading-title elementor-size-default\">Algumas das nossas instala\u00e7\u00f5es<\/h2>\t\t<\/div>\n\t\t\t\t<\/div>\n\t\t\t\t<div class=\"elementor-element elementor-element-f157670 elementor-widget-divider--view-line elementor-widget elementor-widget-divider\" data-id=\"f157670\" data-element_type=\"widget\" data-widget_type=\"divider.default\">\n\t\t\t\t<div class=\"elementor-widget-container\">\n\t\t\t\t\t<div class=\"elementor-divider\">\n\t\t\t<span class=\"elementor-divider-separator\">\n\t\t\t\t\t\t<\/span>\n\t\t<\/div>\n\t\t\t\t<\/div>\n\t\t\t\t<\/div>\n\t\t\t\t<\/div>\n\t\t<div class=\"elementor-element elementor-element-0af711b e-flex e-con-boxed e-con e-parent\" data-id=\"0af711b\" data-element_type=\"container\">\n\t\t\t\t\t<div class=\"e-con-inner\">\n\t\t\t\t<div class=\"elementor-element elementor-element-909db1c elementor-arrows-position-inside elementor-pagination-position-outside elementor-widget elementor-widget-image-carousel\" data-id=\"909db1c\" data-element_type=\"widget\" data-settings=\"{&quot;slides_to_show&quot;:&quot;3&quot;,&quot;slides_to_scroll&quot;:&quot;1&quot;,&quot;navigation&quot;:&quot;both&quot;,&quot;autoplay&quot;:&quot;yes&quot;,&quot;pause_on_hover&quot;:&quot;yes&quot;,&quot;pause_on_interaction&quot;:&quot;yes&quot;,&quot;autoplay_speed&quot;:5000,&quot;infinite&quot;:&quot;yes&quot;,&quot;speed&quot;:500}\" data-widget_type=\"image-carousel.default\">\n\t\t\t\t<div class=\"elementor-widget-container\">\n\t\t\t\t\t<div class=\"elementor-image-carousel-wrapper swiper\" dir=\"ltr\">\n\t\t\t<div class=\"elementor-image-carousel swiper-wrapper\" aria-live=\"off\">\n\t\t\t\t\t\t\t\t<div class=\"swiper-slide\" role=\"group\" aria-roledescription=\"slide\" aria-label=\"1 of 4\"><figure class=\"swiper-slide-inner\"><img decoding=\"async\" class=\"swiper-slide-image\" src=\"https:\/\/gonzalezpardo.com\/wp-content\/uploads\/2024\/10\/instalaciones_verin_2-300x300.webp\" alt=\"\" \/><\/figure><\/div><div class=\"swiper-slide\" role=\"group\" aria-roledescription=\"slide\" aria-label=\"2 of 4\"><figure class=\"swiper-slide-inner\"><img decoding=\"async\" class=\"swiper-slide-image\" src=\"https:\/\/gonzalezpardo.com\/wp-content\/uploads\/2024\/10\/instalaciones_verin_3-300x300.webp\" alt=\"\" \/><\/figure><\/div><div class=\"swiper-slide\" role=\"group\" aria-roledescription=\"slide\" aria-label=\"3 of 4\"><figure class=\"swiper-slide-inner\"><img decoding=\"async\" class=\"swiper-slide-image\" src=\"https:\/\/gonzalezpardo.com\/wp-content\/uploads\/2024\/10\/instalaciones_verin_12-300x300.webp\" alt=\"\" \/><\/figure><\/div><div class=\"swiper-slide\" role=\"group\" aria-roledescription=\"slide\" aria-label=\"4 of 4\"><figure class=\"swiper-slide-inner\"><img decoding=\"async\" class=\"swiper-slide-image\" src=\"https:\/\/gonzalezpardo.com\/wp-content\/uploads\/2024\/10\/instalaciones_verin_1-300x300.webp\" alt=\"\" \/><\/figure><\/div>\t\t\t<\/div>\n\t\t\t\t\t\t\t\t\t\t\t\t<div class=\"elementor-swiper-button elementor-swiper-button-prev\" role=\"button\" tabindex=\"0\">\n\t\t\t\t\t\t<svg xmlns=\"http:\/\/www.w3.org\/2000\/svg\" xmlns:xlink=\"http:\/\/www.w3.org\/1999\/xlink\" width=\"74\" height=\"74\" viewBox=\"0 0 74 74\"><defs><filter id=\"Trazado_25\" x=\"0\" y=\"0\" width=\"74\" height=\"74\" filterUnits=\"userSpaceOnUse\"><feGaussianBlur stdDeviation=\"2.5\"><\/feGaussianBlur><\/filter><\/defs><g id=\"Grupo_58\" data-name=\"Grupo 58\" transform=\"translate(2.5 2.5)\"><g transform=\"matrix(1, 0, 0, 1, -2.5, -2.5)\" filter=\"url(#Trazado_25)\"><path id=\"Trazado_25-2\" data-name=\"Trazado 25\" d=\"M29.5,0A29.5,29.5,0,1,0,59,29.5,29.5,29.5,0,0,0,29.5,0Z\" transform=\"translate(2.5 2.5)\" fill=\"#3a48cb\"><\/path><\/g><path id=\"Pol&#xED;gono_1\" data-name=\"Pol&#xED;gono 1\" d=\"M14,0,28,19H0Z\" transform=\"translate(17 44) rotate(-90)\" fill=\"#fff\"><\/path><\/g><\/svg>\t\t\t\t\t<\/div>\n\t\t\t\t\t<div class=\"elementor-swiper-button elementor-swiper-button-next\" role=\"button\" tabindex=\"0\">\n\t\t\t\t\t\t<svg xmlns=\"http:\/\/www.w3.org\/2000\/svg\" xmlns:xlink=\"http:\/\/www.w3.org\/1999\/xlink\" width=\"74\" height=\"74\" viewBox=\"0 0 74 74\"><defs><filter id=\"Trazado_25\" x=\"0\" y=\"0\" width=\"74\" height=\"74\" filterUnits=\"userSpaceOnUse\"><feGaussianBlur stdDeviation=\"2.5\"><\/feGaussianBlur><\/filter><\/defs><g id=\"Grupo_57\" data-name=\"Grupo 57\" transform=\"translate(2.5 2.5)\"><g transform=\"matrix(1, 0, 0, 1, -2.5, -2.5)\" filter=\"url(#Trazado_25)\"><path id=\"Trazado_25-2\" data-name=\"Trazado 25\" d=\"M29.5,0A29.5,29.5,0,1,1,0,29.5,29.5,29.5,0,0,1,29.5,0Z\" transform=\"translate(2.5 2.5)\" fill=\"#3a48cb\"><\/path><\/g><path id=\"Pol&#xED;gono_1\" data-name=\"Pol&#xED;gono 1\" d=\"M14,0,28,19H0Z\" transform=\"translate(42 16) rotate(90)\" fill=\"#fff\"><\/path><\/g><\/svg>\t\t\t\t\t<\/div>\n\t\t\t\t\n\t\t\t\t\t\t\t\t\t<div class=\"swiper-pagination\"><\/div>\n\t\t\t\t\t\t\t\t\t<\/div>\n\t\t\t\t<\/div>\n\t\t\t\t<\/div>\n\t\t\t\t<div class=\"elementor-element elementor-element-b4c61ad elementor-align-center elementor-widget elementor-widget-button\" data-id=\"b4c61ad\" data-element_type=\"widget\" data-widget_type=\"button.default\">\n\t\t\t\t<div class=\"elementor-widget-container\">\n\t\t\t\t\t<div class=\"elementor-button-wrapper\">\n\t\t\t<a class=\"elementor-button elementor-size-sm\" role=\"button\">\n\t\t\t\t\t\t<span class=\"elementor-button-content-wrapper\">\n\t\t\t\t\t\t\t\t\t<span class=\"elementor-button-text\">Instala\u00e7\u00f5es<\/span>\n\t\t\t\t\t<\/span>\n\t\t\t\t\t<\/a>\n\t\t<\/div>\n\t\t\t\t<\/div>\n\t\t\t\t<\/div>\n\t\t\t\t<div class=\"elementor-element elementor-element-bf32566 elementor-widget elementor-widget-spacer\" data-id=\"bf32566\" data-element_type=\"widget\" data-widget_type=\"spacer.default\">\n\t\t\t\t<div class=\"elementor-widget-container\">\n\t\t\t\t\t<div class=\"elementor-spacer\">\n\t\t\t<div class=\"elementor-spacer-inner\"><\/div>\n\t\t<\/div>\n\t\t\t\t<\/div>\n\t\t\t\t<\/div>\n\t\t\t\t\t<\/div>\n\t\t\t\t<\/div>\n\t\t\t\t<\/div>\n\t\t","protected":false},"excerpt":{"rendered":"<p>Escayolas Gonz\u00e1lez Pardo Orgulhamo-nos de oferecer materiais de constru\u00e7\u00e3o da mais alta qualidade, garantindo produtos que cumprem as normas mais rigorosas. O nosso compromisso \u00e9 o de prestar um servi\u00e7o de proximidade adaptado \u00e0s necessidades de cada cliente. Ouvimos as tuas necessidades e oferecemos solu\u00e7\u00f5es eficazes para cada tipo de trabalho. Estamos empenhados em solu\u00e7\u00f5es [&hellip;]<\/p>\n","protected":false},"author":1,"featured_media":0,"parent":0,"menu_order":0,"comment_status":"closed","ping_status":"closed","template":"elementor_header_footer","meta":{"footnotes":""},"_links":{"self":[{"href":"https:\/\/gonzalezpardo.com\/pt-pt\/wp-json\/wp\/v2\/pages\/392"}],"collection":[{"href":"https:\/\/gonzalezpardo.com\/pt-pt\/wp-json\/wp\/v2\/pages"}],"about":[{"href":"https:\/\/gonzalezpardo.com\/pt-pt\/wp-json\/wp\/v2\/types\/page"}],"author":[{"embeddable":true,"href":"https:\/\/gonzalezpardo.com\/pt-pt\/wp-json\/wp\/v2\/users\/1"}],"replies":[{"embeddable":true,"href":"https:\/\/gonzalezpardo.com\/pt-pt\/wp-json\/wp\/v2\/comments?post=392"}],"version-history":[{"count":1,"href":"https:\/\/gonzalezpardo.com\/pt-pt\/wp-json\/wp\/v2\/pages\/392\/revisions"}],"predecessor-version":[{"id":402,"href":"https:\/\/gonzalezpardo.com\/pt-pt\/wp-json\/wp\/v2\/pages\/392\/revisions\/402"}],"wp:attachment":[{"href":"https:\/\/gonzalezpardo.com\/pt-pt\/wp-json\/wp\/v2\/media?parent=392"}],"curies":[{"name":"wp","href":"https:\/\/api.w.org\/{rel}","templated":true}]}}